{"id":168,"date":"2020-05-13T11:17:37","date_gmt":"2020-05-13T09:17:37","guid":{"rendered":"http:\/\/decosail.com\/?page_id=168"},"modified":"2020-06-09T15:58:38","modified_gmt":"2020-06-09T13:58:38","slug":"publicite","status":"publish","type":"page","link":"https:\/\/decosail.com\/?page_id=168","title":{"rendered":"Publicit\u00e9"},"content":{"rendered":"<p style=\"text-align: center;\"><strong>Notre atelier est \u00e9quip\u00e9 des machines de d\u00e9coupe et d&rsquo;impression num\u00e9rique HP Latex nous permettant de r\u00e9aliser le marquage de vos enseignes, panneaux, signalisation, v\u00e9hicules etc.. Nous proposons \u00e9galement la fourniture de Stickers sur-mesure et pr\u00e9par\u00e9s sur place.<\/strong><\/p>\n<p style=\"text-align: center;\"><strong>Notre \u00e9quipe vous attend pour \u00e9tudier votre projet<\/strong><\/p>\n<p style=\"text-align: center;\"><img decoding=\"async\" loading=\"lazy\" class=\"alignnone size-full wp-image-225\" src=\"http:\/\/decosail.com\/wp-content\/uploads\/2020\/06\/pub.jpg\" alt=\"\" width=\"2301\" height=\"1017\" srcset=\"https:\/\/decosail.com\/wp-content\/uploads\/2020\/06\/pub.jpg 2301w, https:\/\/decosail.com\/wp-content\/uploads\/2020\/06\/pub-300x133.jpg 300w, https:\/\/decosail.com\/wp-content\/uploads\/2020\/06\/pub-768x339.jpg 768w, https:\/\/decosail.com\/wp-content\/uploads\/2020\/06\/pub-1024x453.jpg 1024w\" sizes=\"(max-width: 2301px) 100vw, 2301px\" \/><\/p>\n","protected":false},"excerpt":{"rendered":"<p>Notre atelier est \u00e9quip\u00e9 des machines de d\u00e9coupe et d&rsquo;impression num\u00e9rique HP Latex nous permettant de r\u00e9aliser le marquage de vos enseignes, panneaux, signalisation, v\u00e9hicules etc.. Nous proposons \u00e9galement la fourniture de Stickers sur-mesure et pr\u00e9par\u00e9s sur place. Notre \u00e9quipe vous attend pour \u00e9tudier votre projet<\/p>\n","protected":false},"author":1,"featured_media":0,"parent":0,"menu_order":0,"comment_status":"closed","ping_status":"closed","template":"","meta":[],"_links":{"self":[{"href":"https:\/\/decosail.com\/index.php?rest_route=\/wp\/v2\/pages\/168"}],"collection":[{"href":"https:\/\/decosail.com\/index.php?rest_route=\/wp\/v2\/pages"}],"about":[{"href":"https:\/\/decosail.com\/index.php?rest_route=\/wp\/v2\/types\/page"}],"author":[{"embeddable":true,"href":"https:\/\/decosail.com\/index.php?rest_route=\/wp\/v2\/users\/1"}],"replies":[{"embeddable":true,"href":"https:\/\/decosail.com\/index.php?rest_route=%2Fwp%2Fv2%2Fcomments&post=168"}],"version-history":[{"count":3,"href":"https:\/\/decosail.com\/index.php?rest_route=\/wp\/v2\/pages\/168\/revisions"}],"predecessor-version":[{"id":226,"href":"https:\/\/decosail.com\/index.php?rest_route=\/wp\/v2\/pages\/168\/revisions\/226"}],"wp:attachment":[{"href":"https:\/\/decosail.com\/index.php?rest_route=%2Fwp%2Fv2%2Fmedia&parent=168"}],"curies":[{"name":"wp","href":"https:\/\/api.w.org\/{rel}","templated":true}]}}