{"id":167,"date":"2020-05-13T11:17:37","date_gmt":"2020-05-13T09:17:37","guid":{"rendered":"http:\/\/decosail.com\/?page_id=167"},"modified":"2020-06-09T15:32:37","modified_gmt":"2020-06-09T13:32:37","slug":"covering","status":"publish","type":"page","link":"https:\/\/decosail.com\/?page_id=167","title":{"rendered":"Covering"},"content":{"rendered":"<p style=\"text-align: center;\"><strong>Tout en travaillant avec des film durables et fabriqu\u00e9s en France, nous vous proposons un tr\u00e8s large panel de couleurs pour r\u00e9aliser le covering de votre coque en teint\u00e9 masse. Comme il nous tient \u00e0 c\u0153ur d&rsquo;\u00eatre\u00a0\u00e0 la hauteur de votre imagination, nous pouvons \u00e9galement faire votre covering en impression num\u00e9rique gr\u00e2ce \u00e0 notre atelier qui est \u00e9quip\u00e9 d&rsquo;une imprimante num\u00e9rique et d&rsquo;un plotter de d\u00e9coupe \u00e0 la pointe de la technologie.<\/strong><\/p>\n<p style=\"text-align: center;\"><strong>Notre \u00e9quipe se tien pr\u00eate pour \u00e9tudier votre projet de marquage.<\/strong><\/p>\n<p>&nbsp;<\/p>\n<p><img decoding=\"async\" loading=\"lazy\" class=\"alignnone size-full wp-image-221\" src=\"http:\/\/decosail.com\/wp-content\/uploads\/2020\/06\/cover.jpg\" alt=\"\" width=\"5801\" height=\"3129\" srcset=\"https:\/\/decosail.com\/wp-content\/uploads\/2020\/06\/cover.jpg 5801w, https:\/\/decosail.com\/wp-content\/uploads\/2020\/06\/cover-300x162.jpg 300w, https:\/\/decosail.com\/wp-content\/uploads\/2020\/06\/cover-768x414.jpg 768w, https:\/\/decosail.com\/wp-content\/uploads\/2020\/06\/cover-1024x552.jpg 1024w\" sizes=\"(max-width: 5801px) 100vw, 5801px\" \/><\/p>\n","protected":false},"excerpt":{"rendered":"<p>Tout en travaillant avec des film durables et fabriqu\u00e9s en France, nous vous proposons un tr\u00e8s large panel de couleurs pour r\u00e9aliser le covering de votre coque en teint\u00e9 masse. Comme il nous tient \u00e0 c\u0153ur d&rsquo;\u00eatre\u00a0\u00e0 la hauteur de votre imagination, nous pouvons \u00e9galement faire votre covering en impression num\u00e9rique gr\u00e2ce \u00e0 notre atelier [&hellip;]<\/p>\n","protected":false},"author":1,"featured_media":0,"parent":0,"menu_order":0,"comment_status":"closed","ping_status":"closed","template":"","meta":[],"_links":{"self":[{"href":"https:\/\/decosail.com\/index.php?rest_route=\/wp\/v2\/pages\/167"}],"collection":[{"href":"https:\/\/decosail.com\/index.php?rest_route=\/wp\/v2\/pages"}],"about":[{"href":"https:\/\/decosail.com\/index.php?rest_route=\/wp\/v2\/types\/page"}],"author":[{"embeddable":true,"href":"https:\/\/decosail.com\/index.php?rest_route=\/wp\/v2\/users\/1"}],"replies":[{"embeddable":true,"href":"https:\/\/decosail.com\/index.php?rest_route=%2Fwp%2Fv2%2Fcomments&post=167"}],"version-history":[{"count":4,"href":"https:\/\/decosail.com\/index.php?rest_route=\/wp\/v2\/pages\/167\/revisions"}],"predecessor-version":[{"id":223,"href":"https:\/\/decosail.com\/index.php?rest_route=\/wp\/v2\/pages\/167\/revisions\/223"}],"wp:attachment":[{"href":"https:\/\/decosail.com\/index.php?rest_route=%2Fwp%2Fv2%2Fmedia&parent=167"}],"curies":[{"name":"wp","href":"https:\/\/api.w.org\/{rel}","templated":true}]}}