{"id":166,"date":"2020-05-13T11:17:37","date_gmt":"2020-05-13T09:17:37","guid":{"rendered":"http:\/\/decosail.com\/?page_id=166"},"modified":"2020-06-09T14:55:23","modified_gmt":"2020-06-09T12:55:23","slug":"marquage-sur-voiles","status":"publish","type":"page","link":"https:\/\/decosail.com\/?page_id=166","title":{"rendered":"Marquage sur Voiles"},"content":{"rendered":"<p style=\"text-align: center;\"><b>Nous sommes sp\u00e9cialis\u00e9s dans le marquage des voiles, du Mini 6.50 aux G\u00e9ants des mers en passant par la plaisance et la voile l\u00e9g\u00e8re. Notre \u00e9quipe est en mesure de r\u00e9aliser vos projets \u00e0 taille r\u00e9elle quel qu\u2019en soit la difficult\u00e9. Pour cela, nous utilisons des encres de s\u00e9rigraphie ainsi que des peintures en phase aqueuses \u00e0 la pointe de la technologie garantissant un poids au m\u00b2 infime.<\/b><\/p>\n<p style=\"text-align: center;\"><strong>Vous pouvez venir \u00e0 l&rsquo;atelier ou nous contacter en amont, nous \u00e9tudierons votre projet et mettrons en oeuvre tout notre savoir-faire \u00e0 votre service.<\/strong><\/p>\n<p><img decoding=\"async\" loading=\"lazy\" class=\"alignnone size-full wp-image-207\" src=\"http:\/\/decosail.com\/wp-content\/uploads\/2020\/06\/1461931a-fe5c-452d-97e2-e4a835836074.jpg\" alt=\"\" width=\"1600\" height=\"900\" srcset=\"https:\/\/decosail.com\/wp-content\/uploads\/2020\/06\/1461931a-fe5c-452d-97e2-e4a835836074.jpg 1600w, https:\/\/decosail.com\/wp-content\/uploads\/2020\/06\/1461931a-fe5c-452d-97e2-e4a835836074-300x169.jpg 300w, https:\/\/decosail.com\/wp-content\/uploads\/2020\/06\/1461931a-fe5c-452d-97e2-e4a835836074-768x432.jpg 768w, https:\/\/decosail.com\/wp-content\/uploads\/2020\/06\/1461931a-fe5c-452d-97e2-e4a835836074-1024x576.jpg 1024w\" sizes=\"(max-width: 1600px) 100vw, 1600px\" \/><\/p>\n","protected":false},"excerpt":{"rendered":"<p>Nous sommes sp\u00e9cialis\u00e9s dans le marquage des voiles, du Mini 6.50 aux G\u00e9ants des mers en passant par la plaisance et la voile l\u00e9g\u00e8re. Notre \u00e9quipe est en mesure de r\u00e9aliser vos projets \u00e0 taille r\u00e9elle quel qu\u2019en soit la difficult\u00e9. Pour cela, nous utilisons des encres de s\u00e9rigraphie ainsi que des peintures en phase [&hellip;]<\/p>\n","protected":false},"author":1,"featured_media":0,"parent":0,"menu_order":0,"comment_status":"closed","ping_status":"closed","template":"","meta":[],"_links":{"self":[{"href":"https:\/\/decosail.com\/index.php?rest_route=\/wp\/v2\/pages\/166"}],"collection":[{"href":"https:\/\/decosail.com\/index.php?rest_route=\/wp\/v2\/pages"}],"about":[{"href":"https:\/\/decosail.com\/index.php?rest_route=\/wp\/v2\/types\/page"}],"author":[{"embeddable":true,"href":"https:\/\/decosail.com\/index.php?rest_route=\/wp\/v2\/users\/1"}],"replies":[{"embeddable":true,"href":"https:\/\/decosail.com\/index.php?rest_route=%2Fwp%2Fv2%2Fcomments&post=166"}],"version-history":[{"count":4,"href":"https:\/\/decosail.com\/index.php?rest_route=\/wp\/v2\/pages\/166\/revisions"}],"predecessor-version":[{"id":219,"href":"https:\/\/decosail.com\/index.php?rest_route=\/wp\/v2\/pages\/166\/revisions\/219"}],"wp:attachment":[{"href":"https:\/\/decosail.com\/index.php?rest_route=%2Fwp%2Fv2%2Fmedia&parent=166"}],"curies":[{"name":"wp","href":"https:\/\/api.w.org\/{rel}","templated":true}]}}